{"id":117,"date":"2025-12-24T03:29:54","date_gmt":"2025-12-24T03:29:54","guid":{"rendered":"https:\/\/www.senturia.com.vn\/senturia-an-phu\/?page_id=117"},"modified":"2026-05-05T13:42:43","modified_gmt":"2026-05-05T06:42:43","slug":"phap-ly-du-an","status":"publish","type":"page","link":"https:\/\/www.senturia.com.vn\/senturia-an-phu\/phap-ly-du-an\/","title":{"rendered":"Ph\u00e1p l\u00fd d\u1ef1 \u00e1n"},"content":{"rendered":"<table class=\"table\" style=\"width: 100%;\" border=\"1\" cellspacing=\"0\" cellpadding=\"0\">\n<tbody>\n<tr>\n<td style=\"width: 68px;\"><strong>I. <\/strong><\/td>\n<td style=\"width: 433px;\"><strong>Th\u00f4ng tin v\u1ec1 d\u1ef1 \u00e1n B\u0110S<\/strong><\/td>\n<td style=\"width: 122px;\"><\/td>\n<\/tr>\n<tr>\n<td style=\"width: 68px;\">1.<\/td>\n<td style=\"width: 433px;\">Quy\u1ebft \u0111\u1ecbnh ch\u1ea5p thu\u1eadn ch\u1ee7 tr\u01b0\u01a1ng \u0111\u1ea7u t\u01b0 s\u1ed1 7348\/Q\u0110-UBND ng\u00e0y 27\/05\/2025<\/td>\n<td style=\"width: 122px;\"><a href=\"https:\/\/drive.google.com\/file\/d\/1-qP1K82FqDQ3gnW6Fg8Fe0ChZZxipy2d\/view?usp=sharing\" target=\"_blank\" rel=\"noopener\">Xem t\u1ea1i \u0111\u00e2y<\/a><\/td>\n<\/tr>\n<tr>\n<td style=\"width: 68px;\">2.<\/td>\n<td style=\"width: 433px;\">Quy\u1ebft \u0111\u1ecbnh giao \u0111\u1ea5t s\u1ed1 5452\/Q\u0110-UBND ng\u00e0y 13\/10\/2017<\/td>\n<td style=\"width: 122px;\"><a href=\"https:\/\/drive.google.com\/file\/d\/1Gs6FvIVNkjrZnwSBR9nqnImqqyxQJSxN\/view?usp=sharing\" target=\"_blank\" rel=\"noopener\">Xem t\u1ea1i \u0111\u00e2y<\/a><\/td>\n<\/tr>\n<tr>\n<td style=\"width: 68px;\">3.<\/td>\n<td style=\"width: 433px;\">Quy\u1ebft \u0111\u1ecbnh ph\u00ea duy\u1ec7t QHCT 1\/500 s\u1ed1 895\/Q\u0110-UBND ng\u00e0y 17\/04\/2018<\/td>\n<td style=\"width: 122px;\"><a href=\"https:\/\/drive.google.com\/file\/d\/1RXGJVmSJ9eIMYmXo5dXxwLqlRknUyrRF\/view?usp=sharing\" target=\"_blank\" rel=\"noopener\">Xem t\u1ea1i \u0111\u00e2y<\/a><\/td>\n<\/tr>\n<tr>\n<td style=\"width: 68px;\"><strong>II. <\/strong><\/td>\n<td style=\"width: 433px;\"><strong>Th\u00f4ng tin v\u1ec1 nh\u00e0 \u1edf h\u00ecnh th\u00e0nh trong t\u01b0\u01a1ng lai<\/strong><\/td>\n<td style=\"width: 122px;\"><\/td>\n<\/tr>\n<tr>\n<td style=\"width: 68px;\">1<\/td>\n<td style=\"width: 433px;\">Th\u00f4ng tin chung:<\/p>\n<ul>\n<li>T\u00ean d\u1ef1 \u00e1n: Khu nh\u00e0 \u1edf th\u1ea5p t\u1ea7ng OTM4 \u2013 Thu\u1ed9c KDC Nguy\u00ean Ph\u01b0\u01a1ng<\/li>\n<li>\u0110\u1ecba \u0111i\u1ec3m: KDC Nam R\u1ea1ch Chi\u1ebfc, \u0111\u01b0\u1eddng song h\u00e0nh \u2013 Cao t\u1ed1c Tp. HCM \u2013 Long Th\u00e0nh \u2013 D\u1ea7u gi\u00e2y, Ph\u01b0\u1eddng B\u00ecnh Tr\u01b0ng, TP. HCM<\/li>\n<li>T\u1ed5ng di\u1ec7n t\u00edch: 8.6 ha<\/li>\n<li>Quy m\u00f4: 355 c\u0103n nh\u00e0 th\u1ea5p t\u1ea7ng<\/li>\n<\/ul>\n<\/td>\n<td style=\"width: 122px;\"><\/td>\n<\/tr>\n<tr>\n<td style=\"width: 68px;\">2<\/td>\n<td style=\"width: 433px;\">a. Th\u00f4ng b\u00e1o k\u1ebft qu\u1ea3 th\u1ea9m \u0111\u1ecbnh TKCS h\u1ea1 t\u1ea7ng k\u1ef9 thu\u1eadt Khu nh\u00e0 \u1edf th\u1ea5p t\u1ea7ng OTM4 s\u1ed1 324\/H\u0110XD-QLDA ng\u00e0y 15\/06\/2018<\/p>\n<p>b. Th\u00f4ng b\u00e1o k\u1ebft qu\u1ea3 th\u1ea9m \u0111\u1ecbnh TKCS d\u1ef1 \u00e1n Khu nh\u00e0 \u1edf th\u1ea5p t\u1ea7ng OTM4 (Senturia An Ph\u00fa) s\u1ed1 487\/H\u0110X\u0110-QLDA ng\u00e0y 28\/08\/2018<\/p>\n<p>c. Th\u00f4ng b\u00e1o k\u1ebft qu\u1ea3 th\u1ea9m \u0111\u1ecbnh b\u00e1o c\u00e1o nghi\u00ean c\u1ee9u kh\u1ea3 thi \u0111\u1ea7u t\u01b0 x\u00e2y d\u1ef1ng \u0111i\u1ec1u ch\u1ec9nh c\u00f4ng tr\u00ecnh khu nh\u00e0 \u1edf th\u1ea5p t\u1ea7ng OTM4 s\u1ed1 16157\/SXD-QL-XDCT ng\u00e0y 17\/11\/2025<\/td>\n<td style=\"width: 122px;\"><a href=\"https:\/\/drive.google.com\/file\/d\/1mN570vnORPeV2q1_AW69rNepjPbdqAtv\/view?usp=drive_link\" target=\"_blank\" rel=\"noopener\">2.a Xem t\u1ea1i \u0111\u00e2y<\/a><\/p>\n<p><a href=\"https:\/\/drive.google.com\/file\/d\/1SBezVMbZOX0qt3lk4OStAlRg29OgfVwT\/view?usp=sharing\" target=\"_blank\" rel=\"noopener\">2.b Xem t\u1ea1i \u0111\u00e2y<\/a><\/p>\n<p><a href=\"https:\/\/drive.google.com\/file\/d\/17Cdvbpa8PIgVA8qcokSCkXAdAr0Z0DQw\/view?usp=sharing\" target=\"_blank\" rel=\"noopener\">2.c Xem t\u1ea1i \u0111\u00e2y<\/a><\/td>\n<\/tr>\n<tr>\n<td style=\"width: 68px;\">3<\/td>\n<td style=\"width: 433px;\">Gi\u1ea5y ph\u00e9p x\u00e2y d\u1ef1ng s\u1ed1 05\/GPXD ng\u00e0y 08\/08\/2025<\/td>\n<td style=\"width: 122px;\"><a href=\"https:\/\/drive.google.com\/file\/d\/1lI867e9SyE9S2WQb0rs7TqLLr6LPcPxE\/view?usp=sharing\" target=\"_blank\" rel=\"noopener\">Xem t\u1ea1i \u0111\u00e2y<\/a><\/td>\n<\/tr>\n<tr>\n<td style=\"width: 68px;\">4<\/td>\n<td style=\"width: 433px;\">Bi\u00ean b\u1ea3n nghi\u1ec7m thu ho\u00e0n th\u00e0nh giai \u0111o\u1ea1n x\u00e2y d\u1ef1ng s\u1ed1 SAP.502_HDC_HTKT G\u01101_RI 001 ng\u00e0y 06\/11\/2025<\/td>\n<td style=\"width: 122px;\"><a href=\"https:\/\/drive.google.com\/file\/d\/1e_zHpPjFNwGi7Ooq9OkPkXx1JWzXKK4x\/view?usp=sharing\" target=\"_blank\" rel=\"noopener\">Xem t\u1ea1i \u0111\u00e2y<\/a><\/td>\n<\/tr>\n<tr>\n<td style=\"width: 68px;\">5<\/td>\n<td style=\"width: 433px;\">Th\u1ecfa thu\u1eadn c\u1ea5p b\u1ea3o l\u00e3nh trong b\u00e1n nh\u00e0 \u1edf h\u00ecnh th\u00e0nh trong t\u01b0\u01a1ng lai:\u00a0Cam k\u1ebft c\u1ea5p b\u1ea3o l\u00e3nh \u0111\u1ed1i v\u1edbi c\u00f4ng ty TNHH B\u1ea5t \u0110\u1ed9ng S\u1ea3n Nguy\u00ean Ph\u01b0\u01a1ng s\u1ed1 1519\/2025\/TB-OCB ng\u00e0y 06\/11\/2025<\/td>\n<td style=\"width: 122px;\"><a href=\"https:\/\/drive.google.com\/file\/d\/19gd2OfwuHJcT_y5QAP17TihUVxIz_jQH\/view?usp=sharing\" target=\"_blank\" rel=\"noopener\">Xem t\u1ea1i \u0111\u00e2y<\/a><\/td>\n<\/tr>\n<tr>\n<td style=\"width: 68px;\">6<\/td>\n<td style=\"width: 433px;\">VB th\u00f4ng b\u00e1o \u0111\u1ee7 \u0111i\u1ec1u ki\u1ec7n mua b\u00e1n s\u1ed1 13775\/SXD-PT\u0110T ng\u00e0y 23\/04\/2026<\/td>\n<td style=\"width: 122px;\"><a href=\"https:\/\/drive.google.com\/file\/d\/155ayp5I-t4Gv8LgggamlbVh6JFPpjms7\/view?usp=sharing\" target=\"_blank\" rel=\"noopener\">Xem t\u1ea1i \u0111\u00e2y<\/a><\/td>\n<\/tr>\n<tr>\n<td style=\"width: 68px;\">7<\/td>\n<td style=\"width: 433px;\">C\u00e1c h\u1ea1n ch\u1ebf v\u1ec1 quy\u1ec1n s\u1eed d\u1ee5ng b\u1ea5t \u0111\u1ed9ng s\u1ea3n, quy\u1ec1n s\u1edf h\u1eefu (n\u1ebfu c\u00f3), vi\u1ec7c th\u1ebf ch\u1ea5p nh\u00e0 \u1edf, QS\u0110, d\u1ef1 \u00e1n:<br \/>\nQuy\u1ec1n s\u1eed dung \u0111\u1ea5t, quy\u1ec1n s\u1edf h\u1eefu nh\u00e0 \u1edf kh\u00f4ng c\u00f3 h\u1ea1n ch\u1ebf \u0111\u1eb7c bi\u1ec7t. Quy\u1ec1n t\u00e0i s\u1ea3n ph\u00e1t sinh t\u1eeb D\u1ef1 \u00e1n hi\u1ec7n \u0111ang \u0111\u01b0\u1ee3c \u0111\u1ea3m b\u1ea3o t\u1ea1i Ng\u00e2n h\u00e0ng Th\u01b0\u01a1ng m\u1ea1i c\u1ed5 ph\u1ea7n Ph\u01b0\u01a1ng \u0110\u00f4ng v\u00e0 ng\u00e2n h\u00e0ng \u0111\u00e3 \u0111\u1ed3ng \u00fd gi\u1ea3i ch\u1ea5p t\u1eebng s\u1ea3n ph\u1ea9m khi k\u00fd k\u1ebft H\u1ee3p \u0111\u1ed3ng mua b\u00e1n.<\/td>\n<td style=\"width: 122px;\"><\/td>\n<\/tr>\n<tr>\n<td style=\"width: 68px;\">8<\/td>\n<td style=\"width: 433px;\">H\u1ee3p \u0111\u1ed3ng mua b\u00e1n m\u1eabu<\/td>\n<td style=\"width: 122px;\"><span style=\"color: #d19847;\">\u0110ang c\u1eadp nh\u1eadt<\/span><\/td>\n<\/tr>\n<\/tbody>\n<\/table>\n<p><!--more--><\/p>\n<p><!--more--><\/p>\n","protected":false},"excerpt":{"rendered":"<p>I. Th\u00f4ng tin v\u1ec1 d\u1ef1 \u00e1n B\u0110S 1. Quy\u1ebft \u0111\u1ecbnh ch\u1ea5p thu\u1eadn ch\u1ee7 tr\u01b0\u01a1ng \u0111\u1ea7u t\u01b0 s\u1ed1 7348\/Q\u0110-UBND ng\u00e0y 27\/05\/2025 Xem t\u1ea1i \u0111\u00e2y 2. Quy\u1ebft \u0111\u1ecbnh giao \u0111\u1ea5t s\u1ed1 5452\/Q\u0110-UBND ng\u00e0y 13\/10\/2017 Xem t\u1ea1i \u0111\u00e2y 3. Quy\u1ebft \u0111\u1ecbnh ph\u00ea duy\u1ec7t QHCT 1\/500 s\u1ed1 895\/Q\u0110-UBND ng\u00e0y 17\/04\/2018 Xem t\u1ea1i \u0111\u00e2y II. Th\u00f4ng tin v\u1ec1 nh\u00e0 \u1edf [&hellip;]<\/p>\n","protected":false},"author":1,"featured_media":0,"parent":0,"menu_order":0,"comment_status":"closed","ping_status":"closed","template":"","meta":{"footnotes":""},"class_list":["post-117","page","type-page","status-publish","hentry"],"yoast_head":"<!-- This site is optimized with the Yoast SEO plugin v25.7 - https:\/\/yoast.com\/wordpress\/plugins\/seo\/ -->\n<title>Ph\u00e1p l\u00fd d\u1ef1 \u00e1n - Senturia<\/title>\n<meta name=\"robots\" content=\"noindex, follow, max-snippet:-1, max-image-preview:large, max-video-preview:-1\" \/>\n<meta property=\"og:locale\" content=\"vi_VN\" \/>\n<meta property=\"og:type\" content=\"article\" \/>\n<meta property=\"og:title\" content=\"Ph\u00e1p l\u00fd d\u1ef1 \u00e1n - Senturia\" \/>\n<meta property=\"og:description\" content=\"I. Th\u00f4ng tin v\u1ec1 d\u1ef1 \u00e1n B\u0110S 1. Quy\u1ebft \u0111\u1ecbnh ch\u1ea5p thu\u1eadn ch\u1ee7 tr\u01b0\u01a1ng \u0111\u1ea7u t\u01b0 s\u1ed1 7348\/Q\u0110-UBND ng\u00e0y 27\/05\/2025 Xem t\u1ea1i \u0111\u00e2y 2. Quy\u1ebft \u0111\u1ecbnh giao \u0111\u1ea5t s\u1ed1 5452\/Q\u0110-UBND ng\u00e0y 13\/10\/2017 Xem t\u1ea1i \u0111\u00e2y 3. Quy\u1ebft \u0111\u1ecbnh ph\u00ea duy\u1ec7t QHCT 1\/500 s\u1ed1 895\/Q\u0110-UBND ng\u00e0y 17\/04\/2018 Xem t\u1ea1i \u0111\u00e2y II. Th\u00f4ng tin v\u1ec1 nh\u00e0 \u1edf [&hellip;]\" \/>\n<meta property=\"og:url\" content=\"https:\/\/www.senturia.com.vn\/senturia-an-phu\/phap-ly-du-an\/\" \/>\n<meta property=\"og:site_name\" content=\"Senturia\" \/>\n<meta property=\"article:modified_time\" content=\"2026-05-05T06:42:43+00:00\" \/>\n<meta name=\"twitter:card\" content=\"summary_large_image\" \/>\n<meta name=\"twitter:label1\" content=\"\u01af\u1edbc t\u00ednh th\u1eddi gian \u0111\u1ecdc\" \/>\n\t<meta name=\"twitter:data1\" content=\"3 ph\u00fat\" \/>\n<script type=\"application\/ld+json\" class=\"yoast-schema-graph\">{\"@context\":\"https:\/\/schema.org\",\"@graph\":[{\"@type\":\"WebPage\",\"@id\":\"https:\/\/www.senturia.com.vn\/senturia-an-phu\/phap-ly-du-an\/\",\"url\":\"https:\/\/www.senturia.com.vn\/senturia-an-phu\/phap-ly-du-an\/\",\"name\":\"Ph\u00e1p l\u00fd d\u1ef1 \u00e1n - Senturia\",\"isPartOf\":{\"@id\":\"https:\/\/www.senturia.com.vn\/senturia-an-phu\/#website\"},\"datePublished\":\"2025-12-24T03:29:54+00:00\",\"dateModified\":\"2026-05-05T06:42:43+00:00\",\"breadcrumb\":{\"@id\":\"https:\/\/www.senturia.com.vn\/senturia-an-phu\/phap-ly-du-an\/#breadcrumb\"},\"inLanguage\":\"vi\",\"potentialAction\":[{\"@type\":\"ReadAction\",\"target\":[\"https:\/\/www.senturia.com.vn\/senturia-an-phu\/phap-ly-du-an\/\"]}]},{\"@type\":\"BreadcrumbList\",\"@id\":\"https:\/\/www.senturia.com.vn\/senturia-an-phu\/phap-ly-du-an\/#breadcrumb\",\"itemListElement\":[{\"@type\":\"ListItem\",\"position\":1,\"name\":\"Trang ch\u1ee7\",\"item\":\"https:\/\/www.senturia.com.vn\/senturia-an-phu\/\"},{\"@type\":\"ListItem\",\"position\":2,\"name\":\"Ph\u00e1p l\u00fd d\u1ef1 \u00e1n\"}]},{\"@type\":\"WebSite\",\"@id\":\"https:\/\/www.senturia.com.vn\/senturia-an-phu\/#website\",\"url\":\"https:\/\/www.senturia.com.vn\/senturia-an-phu\/\",\"name\":\"Senturia\",\"description\":\"\",\"potentialAction\":[{\"@type\":\"SearchAction\",\"target\":{\"@type\":\"EntryPoint\",\"urlTemplate\":\"https:\/\/www.senturia.com.vn\/senturia-an-phu\/?s={search_term_string}\"},\"query-input\":{\"@type\":\"PropertyValueSpecification\",\"valueRequired\":true,\"valueName\":\"search_term_string\"}}],\"inLanguage\":\"vi\"}]}<\/script>\n<!-- \/ Yoast SEO plugin. -->","yoast_head_json":{"title":"Ph\u00e1p l\u00fd d\u1ef1 \u00e1n - Senturia","robots":{"index":"noindex","follow":"follow","max-snippet":"max-snippet:-1","max-image-preview":"max-image-preview:large","max-video-preview":"max-video-preview:-1"},"og_locale":"vi_VN","og_type":"article","og_title":"Ph\u00e1p l\u00fd d\u1ef1 \u00e1n - Senturia","og_description":"I. Th\u00f4ng tin v\u1ec1 d\u1ef1 \u00e1n B\u0110S 1. Quy\u1ebft \u0111\u1ecbnh ch\u1ea5p thu\u1eadn ch\u1ee7 tr\u01b0\u01a1ng \u0111\u1ea7u t\u01b0 s\u1ed1 7348\/Q\u0110-UBND ng\u00e0y 27\/05\/2025 Xem t\u1ea1i \u0111\u00e2y 2. Quy\u1ebft \u0111\u1ecbnh giao \u0111\u1ea5t s\u1ed1 5452\/Q\u0110-UBND ng\u00e0y 13\/10\/2017 Xem t\u1ea1i \u0111\u00e2y 3. Quy\u1ebft \u0111\u1ecbnh ph\u00ea duy\u1ec7t QHCT 1\/500 s\u1ed1 895\/Q\u0110-UBND ng\u00e0y 17\/04\/2018 Xem t\u1ea1i \u0111\u00e2y II. Th\u00f4ng tin v\u1ec1 nh\u00e0 \u1edf [&hellip;]","og_url":"https:\/\/www.senturia.com.vn\/senturia-an-phu\/phap-ly-du-an\/","og_site_name":"Senturia","article_modified_time":"2026-05-05T06:42:43+00:00","twitter_card":"summary_large_image","twitter_misc":{"\u01af\u1edbc t\u00ednh th\u1eddi gian \u0111\u1ecdc":"3 ph\u00fat"},"schema":{"@context":"https:\/\/schema.org","@graph":[{"@type":"WebPage","@id":"https:\/\/www.senturia.com.vn\/senturia-an-phu\/phap-ly-du-an\/","url":"https:\/\/www.senturia.com.vn\/senturia-an-phu\/phap-ly-du-an\/","name":"Ph\u00e1p l\u00fd d\u1ef1 \u00e1n - Senturia","isPartOf":{"@id":"https:\/\/www.senturia.com.vn\/senturia-an-phu\/#website"},"datePublished":"2025-12-24T03:29:54+00:00","dateModified":"2026-05-05T06:42:43+00:00","breadcrumb":{"@id":"https:\/\/www.senturia.com.vn\/senturia-an-phu\/phap-ly-du-an\/#breadcrumb"},"inLanguage":"vi","potentialAction":[{"@type":"ReadAction","target":["https:\/\/www.senturia.com.vn\/senturia-an-phu\/phap-ly-du-an\/"]}]},{"@type":"BreadcrumbList","@id":"https:\/\/www.senturia.com.vn\/senturia-an-phu\/phap-ly-du-an\/#breadcrumb","itemListElement":[{"@type":"ListItem","position":1,"name":"Trang ch\u1ee7","item":"https:\/\/www.senturia.com.vn\/senturia-an-phu\/"},{"@type":"ListItem","position":2,"name":"Ph\u00e1p l\u00fd d\u1ef1 \u00e1n"}]},{"@type":"WebSite","@id":"https:\/\/www.senturia.com.vn\/senturia-an-phu\/#website","url":"https:\/\/www.senturia.com.vn\/senturia-an-phu\/","name":"Senturia","description":"","potentialAction":[{"@type":"SearchAction","target":{"@type":"EntryPoint","urlTemplate":"https:\/\/www.senturia.com.vn\/senturia-an-phu\/?s={search_term_string}"},"query-input":{"@type":"PropertyValueSpecification","valueRequired":true,"valueName":"search_term_string"}}],"inLanguage":"vi"}]}},"_links":{"self":[{"href":"https:\/\/www.senturia.com.vn\/senturia-an-phu\/wp-json\/wp\/v2\/pages\/117","targetHints":{"allow":["GET"]}}],"collection":[{"href":"https:\/\/www.senturia.com.vn\/senturia-an-phu\/wp-json\/wp\/v2\/pages"}],"about":[{"href":"https:\/\/www.senturia.com.vn\/senturia-an-phu\/wp-json\/wp\/v2\/types\/page"}],"author":[{"embeddable":true,"href":"https:\/\/www.senturia.com.vn\/senturia-an-phu\/wp-json\/wp\/v2\/users\/1"}],"replies":[{"embeddable":true,"href":"https:\/\/www.senturia.com.vn\/senturia-an-phu\/wp-json\/wp\/v2\/comments?post=117"}],"version-history":[{"count":30,"href":"https:\/\/www.senturia.com.vn\/senturia-an-phu\/wp-json\/wp\/v2\/pages\/117\/revisions"}],"predecessor-version":[{"id":313,"href":"https:\/\/www.senturia.com.vn\/senturia-an-phu\/wp-json\/wp\/v2\/pages\/117\/revisions\/313"}],"wp:attachment":[{"href":"https:\/\/www.senturia.com.vn\/senturia-an-phu\/wp-json\/wp\/v2\/media?parent=117"}],"curies":[{"name":"wp","href":"https:\/\/api.w.org\/{rel}","templated":true}]}}